{"id":17,"date":"2014-12-29T18:27:18","date_gmt":"2014-12-29T17:27:18","guid":{"rendered":"http:\/\/wptest.zazen.info\/?page_id=17"},"modified":"2026-03-07T07:43:45","modified_gmt":"2026-03-07T06:43:45","slug":"willkommen-im-unkrautclub","status":"publish","type":"page","link":"https:\/\/unkraut.club\/","title":{"rendered":"Startseite"},"content":{"rendered":"<p><script type=\"text\/javascript\"><br \/>\njQuery(document).ready(function() {<br \/>\n   jQuery( '[data-fancybox]' ).fancybox({<br \/>\n   buttons : [<br \/>\n     \/\/\"zoom\",<br \/>\n     \/\/\"share\",<br \/>\n      \"slideShow\",<br \/>\n      \"fullScreen\",<br \/>\n      \/\/\"download\",<br \/>\n      \/\/\"thumbs\",<br \/>\n      \/\/\"close\"<br \/>\n  ]<br \/>\n  });<br \/>\n});<br \/>\n<\/script><\/p>\n<h3>Willkommen im Unkrautclub<\/h3>\n<div style=\"float: left; width: 50%;\">\n<div style=\"padding-right: 10px;\"><span class=\"initial\">U<\/span>NKRAUT &#8211; <i>&#8222;Verl\u00e4sslicher, heilsamer, kulinarischer Freund. Vergessen wir den abwertenden Beigeschmack des Begriffs Unkraut. Auch als Beikraut oder Begleitkraut werden die wertvollen Pflanzen in der konventionellen Land- und Gartenbewirtschaftung bek\u00e4mpft. Durch halbherzige Umbenennung hat sich nichts Wesentliches an der Einstellung zum Kr\u00e4utlein ver\u00e4ndert.<br \/>\nWie Slavko Nini\u0107 von der <a title=\"zur Tschuschnkap\u00f6\u00f6n\" href=\"http:\/\/tschuschenkapelle.at\" target=\"_blank\" rel=\"noopener\">Wiener Tschuschenkapelle<\/a> sagt, ist heutzutage ein Tschusch das Synonym f\u00fcr einen guten Musiker und kein Schimpfwort mehr. So w\u00fcnsche ich es mir auch f\u00fcr das Unkraut. <\/i><\/div>\n<div><i>Vielleicht h\u00e4lt sich der Begriff genauso hartn\u00e4ckig wie das Unkraut selbst;\u00a0Unkraut verdirbt eben nicht und das ist gut so. <\/i><\/div>\n<div><i>Unkraut bedeutet Lebenskraft, Anpassungsverm\u00f6gen, Durchsetzungsf\u00e4higkeit, Unverw\u00fcstlichkeit, Durchhalteverm\u00f6gen, Fortpflanzung, Konkurrenzf\u00e4higkeit, Anspruchslosigkeit&#8230;<br \/>\nEs gedeiht ohne unser Zutun aus eigener Kraft und findet seinen Weg ganz allein \u2013 auch zu uns.<br \/>\nKein Wunder, dass sich darunter die besten Heilkr\u00e4uter finden.<\/i><\/div>\n<p><i> <\/i><\/div>\n<div style=\"float: right; width: 50%;\"><i> <\/i><\/p>\n<div style=\"padding-left: 10px;\"><i> Wenn du \u2018Unkraut\u2019 googelst, dann st\u00f6\u00dft du unweigerlich auf Giersch, Brennnessel, L\u00f6wenzahn, G\u00e4nsebl\u00fcmchen, Vogelmiere, Gundelrebe, Weiss- u. Rotklee, Braunelle, G\u00fcnsel, Wegeriche, usw. Und dabei auf mehr oder weniger brutale Methoden, um gegen die freundlichen Gesellen vorzugehen. Da geht es um Bek\u00e4mpfung, Vernichtung und Ausrottung aus rein agrar\u00f6konomischen Motiven. Wehren wir uns gegen die durch menschliche \u00dcberheblichkeit, Gier und Ignoranz fortschreitende Zerst\u00f6rung der Vielfalt an Lebensr\u00e4umen, die schlie\u00dflich auch unsere eigenen sind.&#8220;<\/i> (<a title=\"unkrautfreek\" href=\"\/?author=6\">Christine Strasser<\/a>, Gr\u00fcndungsmitglied)<\/p>\n<p><a class=\"unkrautclub-0\" href=\"wp-content\/themes\/colorway\/images\/Pflanzen_diffsize\/wanzenmoehre1.jpg\" data-fancybox=\"unkrautclub\" data-caption=\"\"><span class=\"picture floatleft\"><img decoding=\"async\" title=\"Zur Unkrautgallerie\" src=\"wp-content\/themes\/colorway\/images\/Pflanzen_diffsize\/wanzenmoehre_thumb.jpg\" alt=\"Unkrautgalerie\" \/><br \/>\n&#8222;Wilde Wanzenm\u00f6hre&#8220;<\/span><\/a><\/p>\n<p style=\"margin-top: 70px;\">Hier ist Platz f\u00fcr die Lieblingsfotos unserer Mitglieder.<br \/>\nBitte nur eigene Aufnahmen an die <a href=\"mailto:office@unkraut.club?subject=Fotogalerie\">Vereinsadresse<\/a> mailen.<\/p>\n<\/div>\n<\/div>\n<div style=\"clear: both;\"><\/div>\n<div style=\"margin-top: 10px; color: #fff; padding: 5px 0 5px 10px; width: 97%; font-weight: bold; background: #4F7327;\"><span style=\"font-size: 12px; color: #fff;\">Diese Seiten sind Eigentum des Vereins: <\/span><span style=\"background: #FFF; color: #555;\">\u00a0unkraut.club &#8211; die Wildpflanzeninitiative\u00a0<\/span><\/p>\n<div class=\"show-hide\" style=\"cursor: pointer; float: left; font-size: 15px; text-decoration: underline; color: #fff;\" title=\"Zeige Link\">Links zu diesen Seiten sind ausdr\u00fccklich erw\u00fcnscht.<\/div>\n<div style=\"text-align: right; padding-right: 10px;\"><a style=\"color: #fff;\" title=\"unkraut.club - die Wildpflanzeninitiative\" href=\"\/?page_id=321\">Vereinsinformationen<\/a><\/div>\n<div class=\"show-hide-content\" style=\"border-top: 1px solid #000; font-size: 12px; margin: 10px 10px 0 0;\">HTML-Code:<br \/>\n<textarea style=\"width: 99%; height: auto; resize: none; padding: 0; font-size: 12px;\">&lt;a href=&#8220;https:\/\/unkraut.club&#8220; title=&#8220;unkraut.club &#8211; die Wildpflanzeninitiative&#8220;&gt;unkraut.club &#8211; die Wildpflanzeninitiative&lt;\/a&gt;<\/textarea><\/div>\n<\/div>\n<form action=\"https:\/\/www.paypal.com\/cgi-bin\/webscr\" method=\"post\" target=\"_blank\"><input name=\"cmd\" type=\"hidden\" value=\"_s-xclick\" \/><br \/>\n<input name=\"hosted_button_id\" type=\"hidden\" value=\"ZM6SRS4TVFA9W\" \/><\/p>\n<p><img decoding=\"async\" loading=\"lazy\" src=\"https:\/\/www.paypalobjects.com\/de_DE\/i\/scr\/pixel.gif\" alt=\"\" width=\"1\" height=\"1\" border=\"0\" \/><\/form>\n","protected":false},"excerpt":{"rendered":"<p>Willkommen im Unkrautclub UNKRAUT &#8211; &#8222;Verl\u00e4sslicher, heilsamer, kulinarischer Freund. Vergessen wir den abwertenden Beigeschmack des Begriffs Unkraut. Auch als Beikraut oder Begleitkraut werden die wertvollen Pflanzen in der konventionellen Land- und Gartenbewirtschaftung bek\u00e4mpft. Durch halbherzige Umbenennung hat sich nichts Wesentliches an der Einstellung zum Kr\u00e4utlein ver\u00e4ndert. Wie Slavko Nini\u0107 von der Wiener Tschuschenkapelle sagt, ist <a class=\"heavier\" href=\"https:\/\/unkraut.club\/\">[&#8230;]<\/a><\/p>\n","protected":false},"author":1,"featured_media":0,"parent":0,"menu_order":0,"comment_status":"closed","ping_status":"closed","template":"","meta":[],"_links":{"self":[{"href":"https:\/\/unkraut.club\/index.php?rest_route=\/wp\/v2\/pages\/17"}],"collection":[{"href":"https:\/\/unkraut.club\/index.php?rest_route=\/wp\/v2\/pages"}],"about":[{"href":"https:\/\/unkraut.club\/index.php?rest_route=\/wp\/v2\/types\/page"}],"author":[{"embeddable":true,"href":"https:\/\/unkraut.club\/index.php?rest_route=\/wp\/v2\/users\/1"}],"replies":[{"embeddable":true,"href":"https:\/\/unkraut.club\/index.php?rest_route=%2Fwp%2Fv2%2Fcomments&post=17"}],"version-history":[{"count":5,"href":"https:\/\/unkraut.club\/index.php?rest_route=\/wp\/v2\/pages\/17\/revisions"}],"predecessor-version":[{"id":4309,"href":"https:\/\/unkraut.club\/index.php?rest_route=\/wp\/v2\/pages\/17\/revisions\/4309"}],"wp:attachment":[{"href":"https:\/\/unkraut.club\/index.php?rest_route=%2Fwp%2Fv2%2Fmedia&parent=17"}],"curies":[{"name":"wp","href":"https:\/\/api.w.org\/{rel}","templated":true}]}}