{"id":2843,"date":"2015-03-15T15:15:21","date_gmt":"2015-03-15T14:15:21","guid":{"rendered":"https:\/\/unkraut.club\/?page_id=2843"},"modified":"2019-01-15T15:38:18","modified_gmt":"2019-01-15T14:38:18","slug":"impressum-datenschutzerklaerung","status":"publish","type":"page","link":"https:\/\/unkraut.club\/?page_id=2843","title":{"rendered":"Datenschutzerkl\u00e4rung"},"content":{"rendered":"<h4>Datenschutzerkl\u00e4rung gem\u00e4\u00df EU-DSGVO<\/h4>\n<div style=\"font-size:12px; line-height:120%\">\n<p> <b>Datenschutz<\/b> <\/p>\n<p>Die Betreiber dieser Seiten nehmen den Schutz Ihrer pers&ouml;nlichen Daten sehr ernst. Wir behandeln Ihre personenbezogenen Daten vertraulich und entsprechend der gesetzlichen Datenschutzvorschriften (DSGVO) sowie dieser Datenschutzerkl&auml;rung. <\/p>\n<p>Die Nutzung unserer Website ist in der Regel ohne Angabe personenbezogener Daten m&ouml;glich. Soweit auf unseren Seiten personenbezogene Daten (beispielsweise Name, Anschrift oder E-Mail-Adressen) erhoben werden, erfolgt dies, soweit m&ouml;glich, stets auf freiwilliger Basis. Diese Daten werden ohne Ihre ausdr&uuml;ckliche Zustimmung nicht an Dritte weitergegeben. <\/p>\n<p>Wir weisen darauf hin, dass die Daten&uuml;bertragung im Internet (z.B. bei der Kommunikation per E-Mail) Sicherheitsl&uuml;cken aufweisen kann. Ein l&uuml;ckenloser Schutz der Daten vor dem Zugriff durch Dritte ist nicht m&ouml;glich.<\/p>\n<p>\nBei Registrierung als Mitglied wird von Ihnen das Einverst\u00e4ndnis zur Erhebung und Speicherung der erforderlichen personenbezogenen Daten erkl\u00e4rt.<\/p>\n<p>\n<b>Cookies<\/b> <\/p>\n<p>Unsere Internetseiten verwenden so genannte Cookies. Diese k\u00f6nnen keinen Schaden anrichten und dienen dazu, unser Angebot nutzerfreundlicher, effektiver und sicherer zu machen. Cookies sind kleine Textdateien, die auf Ihrem Rechner abgelegt werden und die Ihr Browser speichert. Sie werden nach Ende Ihres Besuchs automatisch gel&ouml;scht. Andere Cookies bleiben auf Ihrem Endger&auml;t gespeichert, bis Sie diese l&ouml;schen. Diese Cookies erm&ouml;glichen es uns, Ihren Browser beim n&auml;chsten Besuch wiederzuerkennen. <\/p>\n<p>Sie k&ouml;nnen Ihren Browser so einstellen, dass Sie &uuml;ber das Setzen von Cookies informiert werden und Cookies nur im Einzelfall erlauben, die Annahme von Cookies f&uuml;r bestimmte F&auml;lle oder generell ausschlie&szlig;en sowie das automatische L&ouml;schen der Cookies beim Schlie&szlig;en des Browser aktivieren. Bei der Deaktivierung von Cookies kann die Funktionalit&auml;t dieser Website eingeschr&auml;nkt sein.<\/p>\n<p>\nDie beim Besuch unangemeldeter Nutzer gesetzten Cookies (SessionID) sind technisch erforderlich und speichern keine personenbezogenen Daten. Von einem diesbez\u00fcglich expliziten Cookie-Hinweis beim Aufruf unserer Seiten kann daher abgesehen werden.<\/p>\n<p> <b>Kontaktformular<\/b> <\/p>\n<p>Wenn Sie uns per Kontaktformular Mitteilunen zukommen lassen, stimmen Sie zu, dass Ihre Angaben aus dem Kontaktformular inklusive der von Ihnen dort angegebenen Kontaktdaten per E-Mail an unsere Kontaktadresse gesendet werden. Diese Daten geben wir nicht ohne Ihre Einwilligung weiter.<\/p>\n<p> <b>Kommentarfunktion auf dieser Website<\/b> <\/p>\n<p>Kommentare k\u00f6nnen nur von registrierten und auf der Website angemeldeten Mitgliedern gepostet werden. Zum Text Ihres Kommentars werden Zeitpunkt der Erstellung des Kommentars, Email- und IP-Adresse sowie der von Ihnen gew&auml;hlte Nutzername gespeichert.<\/p>\n<p>\n<b>SSL-Verschl&uuml;sselung<\/b> <\/p>\n<p>Diese Seite nutzt aus Gr&uuml;nden der Sicherheit und zum Schutz der &Uuml;bertragung vertraulicher Inhalte, wie zum Beispiel personenbezogene Daten, eine SSL-Verschl&uuml;sselung (Transportschichtsicherheit). Eine verschl&uuml;sselte Verbindung erkennen Sie daran, dass die Adresszeile des Browsers mit &quot;https:\/\/&quot; beginnt und an dem Schloss-Symbol in der Adresszeile. <\/p>\n<p>Wenn die SSL Verschl&uuml;sselung aktiviert ist, k&ouml;nnen die Daten, die Sie an uns &uuml;bermitteln, nicht von Dritten mitgelesen werden.<\/p>\n<p> <b>Recht auf Auskunft, L&ouml;schung, Sperrung<\/b> <\/p>\n<p>Sie haben jederzeit das Recht auf unentgeltliche Auskunft &uuml;ber Ihre gespeicherten personenbezogenen Daten, deren Herkunft und Empf&auml;nger und den Zweck der Datenverarbeitung sowie ein Recht auf Berichtigung, Sperrung oder L&ouml;schung dieser Daten. Hierzu sowie zu weiteren Fragen zum Thema personenbezogene Daten k&ouml;nnen Sie sich jederzeit unter der im Impressum angegebenen Adresse an uns wenden.\n<\/p><\/div>\n<h4>Bildernachweis<\/h4>\n<div style=\"font-size:12px; line-height:120%\">\nAuf manchen der Seiten werden Fotos von <a href=\"http:\/\/photopin.com\" target=\"_blank\">PhotoPin<\/a> verwendet.\n<\/div>\n<h4>Haftungsausschluss<\/h4>\n<div style=\"font-size:12px; line-height:120%\">\nDie Autoren\/innen der Seiten \u00fcbernehmen keinerlei Gew\u00e4hr f\u00fcr die Vollst\u00e4ndigkeit und Richtigkeit der Inhalte. F\u00fcr Sch\u00e4den, die auf falsche oder auch richtige Inhalte der Seiten zur\u00fcckzuf\u00fchren sind, \u00fcbernehmen die Betreiber\/innen und Autoren\/innen keine Haftung.<\/p>\n<p>Die Betreiber\/innen und Autoren\/innen der Seiten distanzieren sich ausdr\u00fccklich von allen Inhalten externer Seiten, die auf die Seite unkraut.club verweisen. Die Betreiber\/innen und Autoren\/innen der Seiten versichern, dass zum Zeitpunkt der Linksetzung auf externe Seiten keine rechtswidrigen Inhalte zu erkennen waren.\n<\/p><\/div>\n<hr>\n<p style=\"margin-top:1em\">\n<b>Webadmin:<\/b> Ing. Hubert Zeiner <a href=\"mailto:office@unkraut.club\">office@unkraut.club<\/a><\/p>\n","protected":false},"excerpt":{"rendered":"<p>Datenschutzerkl\u00e4rung gem\u00e4\u00df EU-DSGVO Datenschutz Die Betreiber dieser Seiten nehmen den Schutz Ihrer pers&ouml;nlichen Daten sehr ernst. Wir behandeln Ihre personenbezogenen Daten vertraulich und entsprechend der gesetzlichen Datenschutzvorschriften (DSGVO) sowie dieser Datenschutzerkl&auml;rung. Die Nutzung unserer Website ist in der Regel ohne Angabe personenbezogener Daten m&ouml;glich. Soweit auf unseren Seiten personenbezogene Daten (beispielsweise Name, Anschrift oder E-Mail-Adressen) <a class=\"heavier\" href=\"https:\/\/unkraut.club\/?page_id=2843\">[&#8230;]<\/a><\/p>\n","protected":false},"author":1,"featured_media":0,"parent":0,"menu_order":0,"comment_status":"closed","ping_status":"closed","template":"mypage.php","meta":[],"_links":{"self":[{"href":"https:\/\/unkraut.club\/index.php?rest_route=\/wp\/v2\/pages\/2843"}],"collection":[{"href":"https:\/\/unkraut.club\/index.php?rest_route=\/wp\/v2\/pages"}],"about":[{"href":"https:\/\/unkraut.club\/index.php?rest_route=\/wp\/v2\/types\/page"}],"author":[{"embeddable":true,"href":"https:\/\/unkraut.club\/index.php?rest_route=\/wp\/v2\/users\/1"}],"replies":[{"embeddable":true,"href":"https:\/\/unkraut.club\/index.php?rest_route=%2Fwp%2Fv2%2Fcomments&post=2843"}],"version-history":[{"count":5,"href":"https:\/\/unkraut.club\/index.php?rest_route=\/wp\/v2\/pages\/2843\/revisions"}],"predecessor-version":[{"id":4240,"href":"https:\/\/unkraut.club\/index.php?rest_route=\/wp\/v2\/pages\/2843\/revisions\/4240"}],"wp:attachment":[{"href":"https:\/\/unkraut.club\/index.php?rest_route=%2Fwp%2Fv2%2Fmedia&parent=2843"}],"curies":[{"name":"wp","href":"https:\/\/api.w.org\/{rel}","templated":true}]}}