{"id":321,"date":"2015-01-08T17:36:36","date_gmt":"2015-01-08T16:36:36","guid":{"rendered":"http:\/\/wptest.zazen.info\/?page_id=321"},"modified":"2018-10-26T09:36:18","modified_gmt":"2018-10-26T08:36:18","slug":"die-wildpflanzeninitiative","status":"publish","type":"page","link":"https:\/\/unkraut.club\/?page_id=321","title":{"rendered":"\u00dcber Uns"},"content":{"rendered":"<h3>Der Verein stellt sich vor&#8230;<\/h3>\n<div class=\"verein\">Vereinsname: <span style=\"font-size:20px\">unkraut.club &#8211; die Wildpflanzeninitiative<\/span><br \/>\nZVR-Zahl: <span style=\"font-size:18px; margin-left:20px\"><a href=\"https:\/\/citizen.bmi.gv.at\/at.gv.bmi.fnsweb-p\/zvn\/public\/Registerauszug\" title=\"Zentrales Vereinsregister\" target=\"_blank\">136232975<\/a><\/span><\/div>\n<p\/>\n<p\/>\nDie T\u00e4tigkeiten dieses Vereins sollen dazu beitragen, das im Laufe der Agrarindustrialisierung entstandene Image der sogenannten &#8222;Unkr\u00e4uter&#8220; positiv zu besetzen und das Jahrtausende alte Wissen um deren Nutzen neu zu beleben. Weiters soll der Wert der wenigen noch verbliebenen, nat\u00fcrlichen Lebensr\u00e4ume vermittelt und ein Beitrag zu deren Erhaltung und Schutz geleistet werden. <i>(Beispielsweise werden die Teilnehmer im Rahmen von Kr\u00e4uterwanderungen dazu angehalten, nicht nur die Wildkr\u00e4uter, sondern als Dank an die Natur auch den von achtlosen Mitmenschen weggeworfenen M\u00fcll einzusammeln.)<\/i><\/p>\n<p>Das Angebot richtet sich an alle Naturfreunde, die am Entdecken der vielf\u00e4ltigen Verwendungsm\u00f6glichkeiten von Wildpflanzen interessiert sind. Angemeldete Vereinsmitglieder k\u00f6nnen die <a href=\"\/?page_id=90\">Beitr\u00e4ge<\/a> auf diesen Seiten kommentieren sowie den vereinsinternen Chatroom n\u00fctzen.<\/p>\n<p>F\u00fcr Mitglieder, die sich im Verein besonders engagieren m\u00f6chten, kann auf Wunsch ein Expertenmodus freigeschaltet werden mit der M\u00f6glichkeit, eigenst\u00e4ndig <a href=\"\/?page_id=90\">Blog-Beitr\u00e4ge<\/a> und <a href=\"\/?page_id=319\">Veranstaltungen<\/a> auf dieser Webseite zu ver\u00f6ffentlichen.<\/p>\n<p>Zur Erforschung von Spezialgebieten ist die Gr\u00fcndung eines <a href=\"#\" class=\"popmake-expertenkreis\">Expertenkreises<\/a> geplant.<\/p>\n<p>Die <a href=\"\/wp-login.php?action=register\" title=\"Als Mitglied registrieren\"> Mitgliedschaft <\/a>ist derzeit kostenlos und kann jederzeit ohne Grund beendet werden.<\/p>\n<p>F\u00fcr Fragen oder Anregungen: <a href=\"\/?page_id=73\">Kontaktformular<\/a><\/p>\n","protected":false},"excerpt":{"rendered":"<p>Der Verein stellt sich vor&#8230; Vereinsname: unkraut.club &#8211; die Wildpflanzeninitiative ZVR-Zahl: 136232975 Die T\u00e4tigkeiten dieses Vereins sollen dazu beitragen, das im Laufe der Agrarindustrialisierung entstandene Image der sogenannten &#8222;Unkr\u00e4uter&#8220; positiv zu besetzen und das Jahrtausende alte Wissen um deren Nutzen neu zu beleben. Weiters soll der Wert der wenigen noch verbliebenen, nat\u00fcrlichen Lebensr\u00e4ume vermittelt und <a class=\"heavier\" href=\"https:\/\/unkraut.club\/?page_id=321\">[&#8230;]<\/a><\/p>\n","protected":false},"author":1,"featured_media":0,"parent":0,"menu_order":0,"comment_status":"open","ping_status":"open","template":"mypage.php","meta":[],"_links":{"self":[{"href":"https:\/\/unkraut.club\/index.php?rest_route=\/wp\/v2\/pages\/321"}],"collection":[{"href":"https:\/\/unkraut.club\/index.php?rest_route=\/wp\/v2\/pages"}],"about":[{"href":"https:\/\/unkraut.club\/index.php?rest_route=\/wp\/v2\/types\/page"}],"author":[{"embeddable":true,"href":"https:\/\/unkraut.club\/index.php?rest_route=\/wp\/v2\/users\/1"}],"replies":[{"embeddable":true,"href":"https:\/\/unkraut.club\/index.php?rest_route=%2Fwp%2Fv2%2Fcomments&post=321"}],"version-history":[{"count":5,"href":"https:\/\/unkraut.club\/index.php?rest_route=\/wp\/v2\/pages\/321\/revisions"}],"predecessor-version":[{"id":2182,"href":"https:\/\/unkraut.club\/index.php?rest_route=\/wp\/v2\/pages\/321\/revisions\/2182"}],"wp:attachment":[{"href":"https:\/\/unkraut.club\/index.php?rest_route=%2Fwp%2Fv2%2Fmedia&parent=321"}],"curies":[{"name":"wp","href":"https:\/\/api.w.org\/{rel}","templated":true}]}}