{"id":33,"date":"2014-12-29T19:34:34","date_gmt":"2014-12-29T18:34:34","guid":{"rendered":"http:\/\/wptest.zazen.info\/?page_id=33"},"modified":"2019-01-03T06:14:50","modified_gmt":"2019-01-03T05:14:50","slug":"erkennen","status":"publish","type":"page","link":"https:\/\/unkraut.club\/?page_id=33","title":{"rendered":"\u00dcber die Wildkr\u00e4uter"},"content":{"rendered":"<h3>Die Wildkr\u00e4uter<\/h3>\n<div class=\"initial\">A<\/div>\n<p>ls Unkraut werden haupts\u00e4chlich jene Kr\u00e4uter verteufelt, die unsere Kulturpflanzen in G\u00e4rten und auf landwirtschaftlich genutzten Fl\u00e4chen oder das Gras der Golfrasen und Sportpl\u00e4tze bedr\u00e4ngen. Erfreulicherweise gibt es auch &#8222;Unkr\u00e4uter&#8220;, die in Freiheit leben und die d\u00fcrfen sich schon &#8222;Wildkr\u00e4uter&#8220; nennen. Wildkr\u00e4uter sind generell reicher an <a href=\"#\" class=\"popmake-pflanzeninhaltsstoffe\" title=\"sekund\u00e4re Pflanzeninhaltsstoffe\">sekund\u00e4ren Pflanzeninhaltsstoffen<\/a> als verw\u00f6hnte Gartenkr\u00e4uter und bieten dadurch viel mehr f\u00fcr Gesundheit und Wohlbefinden. Sie k\u00f6nnen vielseitig in der K\u00fcche als Wildgem\u00fcse und W\u00fcrzkr\u00e4uter sowie als Heilkr\u00e4uter eingesetzt werden. Wildkr\u00e4uter bereichern Speisen geschmacklich, ern\u00e4hrungsphysiologisch und optisch oder bilden sogar deren Grundlage (Brennnesselspinat, B\u00e4rlauchpesto, Hopfenspargel, L\u00f6wenzahnsalat, Holunderbl\u00fcten in Backteig, Nachtkerzenwurzelgem\u00fcse, Wegwartenkaffee&#8230;).<br \/>\nDer Vorteil ist, dass sie sich um sich selber k\u00fcmmern und nicht in Abh\u00e4ngigkeit von uns gedeihen. Wir brauchen also nur in die Natur zu gehen und mit entsprechender Achtsamkeit das reiche Angebot nutzen. Wohlgemerkt mit Achtsamkeit, denn es gibt einige Regeln zu beachten, um die Gro\u00dfz\u00fcgigkeit der Natur nicht zu missbrauchen und die wunderbare Vielfalt zu bewahren. Hier die wichtigsten <a href=\"#\" class=\"popmake-regeln\">Sammelregeln<\/a><\/p>\n<div style=\"float:left; width:45%\">\n<div style=\"font-size:16px\">\nBeispiele prominenter Vertreter:<\/p>\n<p><a href=\"#\" class=\"popmake-brennnessel\" title=\"Kurzportrait\"><span class=\"picture floatleft\"><img decoding=\"async\" width=85 height=85 src=\"wp-content\/themes\/colorway\/images\/Pflanzen_150x150\/brennnessel_steckbrief.jpg\" alt=\"\" \/><br \/>\nBrennnessel<\/span><\/a><\/p>\n<p><a href=\"#\" class=\"popmake-giersch\" title=\"Kurzportrait\"><span class=\"picture floatleft\"><img decoding=\"async\" width=85 height=85 src=\"wp-content\/themes\/colorway\/images\/Pflanzen_150x150\/giersch_steckbrief.jpg\" alt=\"\" \/><br \/>\nGiersch<\/span><\/a><\/p>\n<p><a href=\"#\" class=\"popmake-loewenzahn\" title=\"Kurzportrait\"><span class=\"picture floatleft\"><img decoding=\"async\" width=85 height85 src=\"wp-content\/themes\/colorway\/images\/Pflanzen_150x150\/loewenzahn_steckbrief.jpg\" alt=\"\" \/><br \/>\nL\u00f6wenzahn<\/span><\/a><\/p>\n<p><a href=\"#\" class=\"popmake-vogelmiere\" title=\"Kurzportrait\"><span class=\"picture floatleft\"><img decoding=\"async\" width=85 height=85 src=\"wp-content\/themes\/colorway\/images\/Pflanzen_150x150\/vogelmiere_steckbrief.jpg\" alt=\"\" \/><br \/>\nVogelmiere<\/span><\/a>\n<\/div>\n<\/div>\n<p style=\"float:right\">\n<div style=\"padding-top:35px; font-size:16px\">\n<a href=\"\/?page_id=671\">Steckbriefe von A &#8211; Z<\/a><\/div>\n<p>\nDie Pflanzensteckbriefe umfassen essbare Wildkr\u00e4uter und eine eigene Kategorie &#8222;Giftpflanzen&#8220;. Der Inhalt der Steckbriefe wurde m\u00f6glichst kurz und \u00fcbersichtlich gehalten. Eine Erweiterung der Auswahl an Pflanzen ist vorgesehen.<br \/>\n<!-- \n\n<p>\n\n\n<div class=\"gallerie-link\"><a href=# <!--onclick=\"open_gallery('https:\/\/unkraut.club\/wp-content\/themes\/colorway\/images\/Gallerie\/img', 20, '.jpg');\">Alle unsere Pflanzenbilder<\/a><\/div>\n\n --!>\n\n\n\n<div style=\"clear: both;\"><\/div>\n\n\n<\/p>\n","protected":false},"excerpt":{"rendered":"<p>Die Wildkr\u00e4uter A ls Unkraut werden haupts\u00e4chlich jene Kr\u00e4uter verteufelt, die unsere Kulturpflanzen in G\u00e4rten und auf landwirtschaftlich genutzten Fl\u00e4chen oder das Gras der Golfrasen und Sportpl\u00e4tze bedr\u00e4ngen. Erfreulicherweise gibt es auch &#8222;Unkr\u00e4uter&#8220;, die in Freiheit leben und die d\u00fcrfen sich schon &#8222;Wildkr\u00e4uter&#8220; nennen. Wildkr\u00e4uter sind generell reicher an sekund\u00e4ren Pflanzeninhaltsstoffen als verw\u00f6hnte Gartenkr\u00e4uter und <a class=\"heavier\" href=\"https:\/\/unkraut.club\/?page_id=33\">[&#8230;]<\/a><\/p>\n","protected":false},"author":1,"featured_media":0,"parent":0,"menu_order":0,"comment_status":"closed","ping_status":"closed","template":"","meta":[],"_links":{"self":[{"href":"https:\/\/unkraut.club\/index.php?rest_route=\/wp\/v2\/pages\/33"}],"collection":[{"href":"https:\/\/unkraut.club\/index.php?rest_route=\/wp\/v2\/pages"}],"about":[{"href":"https:\/\/unkraut.club\/index.php?rest_route=\/wp\/v2\/types\/page"}],"author":[{"embeddable":true,"href":"https:\/\/unkraut.club\/index.php?rest_route=\/wp\/v2\/users\/1"}],"replies":[{"embeddable":true,"href":"https:\/\/unkraut.club\/index.php?rest_route=%2Fwp%2Fv2%2Fcomments&post=33"}],"version-history":[{"count":6,"href":"https:\/\/unkraut.club\/index.php?rest_route=\/wp\/v2\/pages\/33\/revisions"}],"predecessor-version":[{"id":4296,"href":"https:\/\/unkraut.club\/index.php?rest_route=\/wp\/v2\/pages\/33\/revisions\/4296"}],"wp:attachment":[{"href":"https:\/\/unkraut.club\/index.php?rest_route=%2Fwp%2Fv2%2Fmedia&parent=33"}],"curies":[{"name":"wp","href":"https:\/\/api.w.org\/{rel}","templated":true}]}}