{"id":37,"date":"2014-12-29T19:49:34","date_gmt":"2014-12-29T18:49:34","guid":{"rendered":"http:\/\/wptest.zazen.info\/?page_id=37"},"modified":"2018-10-26T09:35:01","modified_gmt":"2018-10-26T08:35:01","slug":"erkennen-2","status":"publish","type":"page","link":"https:\/\/unkraut.club\/?page_id=37","title":{"rendered":"Pflanzen bestimmen"},"content":{"rendered":"<h3>Wildkr\u00e4uter bestimmen<\/h3>\n<div class=\"initial\">Z<\/div>\n<p>uerst einmal gilt es die Pflanzen zu erkennen. Das ist mitunter ein langwieriger Prozess. Es erfordert st\u00e4ndiges Beobachten aller Wachstumsphasen, denn die Bl\u00fcte allein z.B. ist zwar h\u00e4ufig ein einfaches Erkennungsmerkmal, doch leider nur in einer kurzen Periode vorhanden. Wie findet man aber Wurzeln, die man im Fr\u00fchjahr oder Herbst ausgr\u00e4bt, wenn im Herbst nur noch ein brauner abgetrockneter St\u00e4ngel ohne erkennbare Bl\u00e4tter \u00fcbrig ist oder gar nichts mehr? Oder im Fr\u00fchling nur leicht verwechselbare Jungtriebe?<br \/>\nOhne die Kr\u00e4uter das ganze Jahr \u00fcber im Auge zu behalten, ersch\u00f6pft sich das Erkennungspotential schnell. <\/p>\n<p>Als Interessierte(r) mit noch geringen Kenntnissen stellt sich h\u00e4ufig die Frage, wie nach einer bestimmten Pflanze, die man identifizieren m\u00f6chte, gesucht werden soll.<br \/>\nUm eine Pflanze eindeutig bestimmen zu k\u00f6nnen, ist es sinnvoll, sich zun\u00e4chst mit einigen botanischen Begriffen der oberirdischen Teile und mit h\u00e4ufig vorkommenden Pflanzenfamilien zu befassen.<\/p>\n<ul>\nBeispiele g\u00e4ngiger Pflanzenfamilien:<\/p>\n<li>Korbbl\u00fctler, Rosengew\u00e4chse, Kreuzbl\u00fctler, Lippenbl\u00fctler, H\u00fclsenfr\u00fcchtler,<br \/>\nHahnenfussgew\u00e4chse, Doldenbl\u00fctler, usw.<\/li>\n<\/ul>\n<ul>\nBeispiele wesentlicher Pflanzenmerkmale:<\/p>\n<li>Blattformen (herz-, hand-, nieren-, pfeil-, ei-, lanzettf\u00f6rmig, ein- bis mehrfach gefiedert, usw.)<\/li>\n<li>Blattstellungen (gegenst\u00e4ndig, gekreuzt gegenst\u00e4ndig, wechselst\u00e4ndig, quirlig angeordnet,<br \/>\ngrundst\u00e4ndige Rosette, usw.)<\/li>\n<li>Blattr\u00e4nder (gekerbt, gez\u00e4hnt, ganzrandig, usw.)<\/li>\n<li>Bl\u00fctenaufbau (Symmetrie, Bl\u00fctenh\u00fclle, Anzahl und Stellung der Staub- und Fruchtbl\u00e4tter, usw.)<\/li>\n<li>Beschaffenheit des St\u00e4ngels (vierkantig, behaart, glatt, gerillt, usw.)<\/li>\n<p><p>\nIn Bestimmungsb\u00fcchern sowie bei Internetbestimmungshilfen gibt es unterschiedliche Herangehensweisen, deren Vor- und Nachteile am besten jeder f\u00fcr sich selber herausfindet und dementsprechend vorgeht.<br \/>\nAm sch\u00f6nsten und lehrreichsten ist aber die Teilnahme an gef\u00fchrten Kr\u00e4uterwanderungen. In der Natur erlebt man die Gesamtpers\u00f6nlichkeit der Pflanze, kann sie f\u00fchlen, kosten, riechen; betrachtet sie inmitten ihrer Gesellschaft und Umwelt. Sie pr\u00e4gt sich so ganz leicht f\u00fcr immer ein.<\/p>\n<p>Zur weiteren Orientierung hier einige Links: <a href=\"#\" title=\"Bestimmungshilfen\" class=\"popmake-bestimmungshilfen\">Bestimmungshilfen im Internet<\/a><br \/>\n(Vorschl\u00e4ge bitte an: <a href=\"mailto:office@unkraut.club?subject=Pflanzenbestimmungshilfen\">office@unkraut.club<\/a>)<\/p>\n","protected":false},"excerpt":{"rendered":"<p>Wildkr\u00e4uter bestimmen Z uerst einmal gilt es die Pflanzen zu erkennen. Das ist mitunter ein langwieriger Prozess. Es erfordert st\u00e4ndiges Beobachten aller Wachstumsphasen, denn die Bl\u00fcte allein z.B. ist zwar h\u00e4ufig ein einfaches Erkennungsmerkmal, doch leider nur in einer kurzen Periode vorhanden. Wie findet man aber Wurzeln, die man im Fr\u00fchjahr oder Herbst ausgr\u00e4bt, wenn <a class=\"heavier\" href=\"https:\/\/unkraut.club\/?page_id=37\">[&#8230;]<\/a><\/p>\n","protected":false},"author":1,"featured_media":0,"parent":0,"menu_order":0,"comment_status":"closed","ping_status":"closed","template":"mypage.php","meta":[],"_links":{"self":[{"href":"https:\/\/unkraut.club\/index.php?rest_route=\/wp\/v2\/pages\/37"}],"collection":[{"href":"https:\/\/unkraut.club\/index.php?rest_route=\/wp\/v2\/pages"}],"about":[{"href":"https:\/\/unkraut.club\/index.php?rest_route=\/wp\/v2\/types\/page"}],"author":[{"embeddable":true,"href":"https:\/\/unkraut.club\/index.php?rest_route=\/wp\/v2\/users\/1"}],"replies":[{"embeddable":true,"href":"https:\/\/unkraut.club\/index.php?rest_route=%2Fwp%2Fv2%2Fcomments&post=37"}],"version-history":[{"count":6,"href":"https:\/\/unkraut.club\/index.php?rest_route=\/wp\/v2\/pages\/37\/revisions"}],"predecessor-version":[{"id":2787,"href":"https:\/\/unkraut.club\/index.php?rest_route=\/wp\/v2\/pages\/37\/revisions\/2787"}],"wp:attachment":[{"href":"https:\/\/unkraut.club\/index.php?rest_route=%2Fwp%2Fv2%2Fmedia&parent=37"}],"curies":[{"name":"wp","href":"https:\/\/api.w.org\/{rel}","templated":true}]}}